{"id":1168,"date":"2023-08-31T14:18:31","date_gmt":"2023-08-31T12:18:31","guid":{"rendered":"https:\/\/logefi.com\/our-services\/"},"modified":"2024-03-28T14:50:08","modified_gmt":"2024-03-28T13:50:08","slug":"our-services__trashed","status":"publish","type":"page","link":"https:\/\/logefi.com\/en\/our-services__trashed\/","title":{"rendered":"Our services"},"content":{"rendered":"<p><strong>THE TAX REPRESENTATIVE&#8217;S MISSION<\/strong><a href=\"https:\/\/www.legifrance.gouv.fr\/affichCodeArticle.do;jsessionid=4D5293D969EDF178E2D7C6A778EF353F.tpdila10v_3?idArticle=LEGIARTI000026949954&amp;cidTexte=LEGITEXT000006069577&amp;categorieLien=id&amp;dateTexte=\">(Code G\u00e9n\u00e9ral des Imp\u00f4ts, art. 289 A)<\/a><\/p>\n<p>The tax representative appointed by the foreign taxable person is accredited by the French government.<\/p>\n<p>&nbsp;<\/p>\n<p>He undertakes to fulfill his customer&#8217;s <strong>reporting obligations<\/strong>.<\/p>\n<p>&nbsp;<\/p>\n<p>The following <strong>tax returns <\/strong>are filed through the tax representative:<\/p>\n<ul>\n<li>Periodic VAT sales declaration for tax authorities (monthly or quarterly)<\/li>\n<\/ul>\n<p>We will be your point of contact with the tax authorities to answer any questions you may have.<\/p>\n<p>&nbsp;<\/p>\n<p><strong>VAT REGISTRATION IN FRANCE<\/strong><\/p>\n<p>We&#8217;ll take care of <strong>VAT registration in France<\/strong> on your behalf.<\/p>\n","protected":false},"excerpt":{"rendered":"<p>THE TAX REPRESENTATIVE&#8217;S MISSION(Code G\u00e9n\u00e9ral des Imp\u00f4ts, art. 289 A) The tax representative appointed by the foreign taxable person is accredited by the French government. &nbsp; He undertakes to fulfill his customer&#8217;s reporting obligations. &nbsp; The following tax returns are filed through the tax representative: Periodic VAT sales declaration for tax authorities (monthly or quarterly) [&hellip;]<\/p>\n","protected":false},"author":1,"featured_media":0,"parent":0,"menu_order":0,"comment_status":"closed","ping_status":"closed","template":"","meta":{"footnotes":""},"class_list":["post-1168","page","type-page","status-publish","hentry"],"_links":{"self":[{"href":"https:\/\/logefi.com\/en\/wp-json\/wp\/v2\/pages\/1168","targetHints":{"allow":["GET"]}}],"collection":[{"href":"https:\/\/logefi.com\/en\/wp-json\/wp\/v2\/pages"}],"about":[{"href":"https:\/\/logefi.com\/en\/wp-json\/wp\/v2\/types\/page"}],"author":[{"embeddable":true,"href":"https:\/\/logefi.com\/en\/wp-json\/wp\/v2\/users\/1"}],"replies":[{"embeddable":true,"href":"https:\/\/logefi.com\/en\/wp-json\/wp\/v2\/comments?post=1168"}],"version-history":[{"count":2,"href":"https:\/\/logefi.com\/en\/wp-json\/wp\/v2\/pages\/1168\/revisions"}],"predecessor-version":[{"id":1289,"href":"https:\/\/logefi.com\/en\/wp-json\/wp\/v2\/pages\/1168\/revisions\/1289"}],"wp:attachment":[{"href":"https:\/\/logefi.com\/en\/wp-json\/wp\/v2\/media?parent=1168"}],"curies":[{"name":"wp","href":"https:\/\/api.w.org\/{rel}","templated":true}]}}